{"id":64,"date":"2019-09-12T09:31:05","date_gmt":"2019-09-12T09:31:05","guid":{"rendered":"https:\/\/www.optik-zwo.de\/?page_id=64"},"modified":"2019-09-12T09:33:57","modified_gmt":"2019-09-12T09:33:57","slug":"impressum","status":"publish","type":"page","link":"https:\/\/www.optik-zwo.de\/index.php\/impressum\/","title":{"rendered":"Impressum"},"content":{"rendered":"<p>[et_pb_section fb_built=&#8220;1&#8243; _builder_version=&#8220;3.28&#8243; background_color=&#8220;#0073b5&#8243; use_background_color_gradient=&#8220;on&#8220; background_color_gradient_start=&#8220;#0073b5&#8243; background_color_gradient_end=&#8220;#004870&#8243; custom_padding=&#8220;25px|||||&#8220; animation_style=&#8220;slide&#8220; animation_direction=&#8220;left&#8220; fb_built=&#8220;1&#8243; _i=&#8220;1&#8243; _address=&#8220;1&#8243;][et_pb_row _builder_version=&#8220;3.28&#8243; _i=&#8220;0&#8243; _address=&#8220;1.0&#8243;][et_pb_column type=&#8220;4_4&#8243; _builder_version=&#8220;3.28&#8243; _i=&#8220;0&#8243; _address=&#8220;1.0.0&#8243;][et_pb_text _builder_version=&#8220;3.28&#8243; text_font=&#8220;Fjalla One|700|||||||&#8220; text_text_color=&#8220;#ffffff&#8220; text_font_size=&#8220;80px&#8220; text_letter_spacing=&#8220;1px&#8220; text_line_height=&#8220;2.1em&#8220; text_line_height_tablet=&#8220;1em&#8220; text_line_height_phone=&#8220;1em&#8220; text_line_height_last_edited=&#8220;on|tablet&#8220; _i=&#8220;1&#8243; _address=&#8220;1.0.0.1&#8243;]<\/p>\n<p style=\"text-align: center;\">impressum<\/p>\n<p>[\/et_pb_text][\/et_pb_column][\/et_pb_row][\/et_pb_section][et_pb_section fb_built=&#8220;1&#8243; _builder_version=&#8220;3.28&#8243; animation_style=&#8220;slide&#8220; animation_direction=&#8220;right&#8220; fb_built=&#8220;1&#8243; _i=&#8220;2&#8243; _address=&#8220;2&#8243;][et_pb_row _builder_version=&#8220;3.28&#8243; _i=&#8220;0&#8243; _address=&#8220;2.0&#8243; custom_margin=&#8220;|98px||auto||&#8220;][et_pb_column type=&#8220;4_4&#8243; _builder_version=&#8220;3.28&#8243; _i=&#8220;0&#8243; _address=&#8220;2.0.0&#8243;][et_pb_text _builder_version=&#8220;3.28&#8243; width=&#8220;100%&#8220; max_width=&#8220;100%&#8220; hover_enabled=&#8220;0&#8243; _i=&#8220;1&#8243; _address=&#8220;2.0.0.1&#8243;]<\/p>\n<p>OptikZwo GmbH<br \/> Schottenstra\u00dfe 4<br \/> 97483 Eltmann (Deutschland)<br \/> Telefon 09522 2940090<br \/> Telefax 09522 2940091<\/p>\n<p>E-Mail: info@optikzwo.de<br \/> Internet: www.optikzwo.de<\/p>\n<p>Ust.Id.Nr.: DE 273600820<br \/> Amtsgericht Bamberg, HRB 6837<\/p>\n<p>&nbsp;<\/p>\n<p>Sitz der Gesellschaft: 97483 Eltmann<br \/> Handelsregister: Amtsgericht Bamberg<br \/> Registernummer: HRB 6837<br \/> Ust.Id.Nr.: DE 273600820<\/p>\n<p>Gesch\u00e4ftsf\u00fchrung\/Vertretungsberechtigung:<br \/> Herr Robert Karl (Gesch\u00e4ftsf\u00fchrer), Herr Oliver Seltmann<\/p>\n<p>Berufsbezeichung:<br \/> Augenoptikermeister verliehen in der Bundesrepublik Deutschland<\/p>\n<p>Aufsichtsbeh\u00f6rde\/Berufskammer:<br \/> Handwerkskammer f\u00fcr Unterfranken, Rennerweger Ring 3, 97070 W\u00fcrzburg<br \/> <a href=\"http:\/\/www.hwk-ufr.de\" target=\"_blank\" rel=\"noopener noreferrer\">www.hwk-ufr.de<\/a><\/p>\n<p>Berufliche Regelungen:<br \/> Gesetz zur Ordnung des Handwerks (Handwerksordnung)<br \/> in der jeweils g\u00fcltigen Fassung<\/p>\n<p><a href=\"http:\/\/bundesrecht.juris.de\/hwo\/index.html\" target=\"_blank\" rel=\"noopener noreferrer\">http:\/\/bundesrecht.juris.de\/hwo\/index.html<\/a><br \/> <a href=\"http:\/\/bundesrecht.juris.de\/bundesrecht\/hwo\/gesamt.pdf\" target=\"_blank\" rel=\"noopener noreferrer\">http:\/\/bundesrecht.juris.de\/bundesrecht\/hwo\/gesamt.pdf<\/a><\/p>\n<p>Verantwortlich gem\u00e4\u00df \u00a7 55 RStV<br \/> OptikZwo GmbH<br \/> Schottenstra\u00dfe 4<br \/> 97483 Eltmann (Deutschland)<\/p>\n<p>Vertretungsberechtigt:<br \/> Herr Robert Karl (Gesch\u00e4ftsf\u00fchrer)<br \/> Schottenstra\u00dfe 4<br \/> 97483 Eltmann (Deutschland)<\/p>\n<p>&nbsp;<\/p>\n<p>Beschwerdeverfahren:<br \/> Das Unternehmen nimmt nicht an Streitbeilegungsverfahren vor einer Verbraucherschlichtungsstelle teil.<br \/> Die Europ\u00e4ische Kommission stellt eine Plattform zur Online-Streitbeilegung (OS) bereit. Die Plattform finden Sie unter <a href=\"http:\/\/ec.europa.eu\/consumers\/odr\/\" target=\"_blank\" rel=\"noopener noreferrer\">http:\/\/ec.europa.eu\/consumers\/odr\/<\/a><\/p>\n<p>&nbsp;<\/p>\n<p>DISCLAIMER<\/p>\n<p>Inhalt des Onlineangebotes Der Herausgeber \u00fcbernimmt keinerlei Gew\u00e4hr f\u00fcr die Aktualit\u00e4t, Korrektheit, Vollst\u00e4ndigkeit oder Qualit\u00e4t der bereitgestellten Informationen. Haftungsanspr\u00fcche gegen den Herausgeber, die sich auf Sch\u00e4den materieller oder ideeller Art beziehen, die durch die Nutzung oder Nichtnutzung der dargebotenen Informationen bzw. durch die Nutzung fehlerhafter und unvollst\u00e4ndiger Informationen verursacht wurden, sind grunds\u00e4tzlich ausgeschlossen, sofern seitens des Herausgebers kein nachweislich vors\u00e4tzliches oder grob fahrl\u00e4ssiges Verschulden vorliegt. Alle Angebote sind freibleibend und unverbindlich. Der Herausgeber beh\u00e4lt es sich vor, Teile der Informationen oder das gesamte Angebot ohne gesonderte Ank\u00fcndigung zu ver\u00e4ndern, zu erg\u00e4nzen, zu l\u00f6schen oder die Ver\u00f6ffentlichung zeitweise oder endg\u00fcltig einzustellen.<\/p>\n<p>Urheber- und Kennzeichenrecht<br \/> Der Herausgeber hat das alleinige Urheberrecht an dieser WebSite und beh\u00e4lt sich alle Rechte vor. Text, Bilder, Grafiken, Sound, Animationen und Videos sowie deren Anordnung auf dieser Website unterliegen dem Schutz des Urheberrechts und anderer Schutzgesetze. Der Inhalt dieser WebSite darf von niemandem kopiert, verbreitet, ver\u00e4ndert oder Dritten zug\u00e4nglich gemacht werden. Der Herausgeber ist bestrebt, in allen Publikationen die Urheberrechte der verwendeten Grafiken, Tondokumente, Videosequenzen und Texte zu beachten, von ihm selbst erstellte Grafiken, Tondokumente, Videosequenzen und Texte zu nutzen oder auf lizenzfreie Grafiken, Tondokumente, Videosequenzen und Texte zur\u00fcckzugreifen.<\/p>\n<p>Alle innerhalb des Internetangebotes genannten und ggf. durch Dritte gesch\u00fctzten Marken- und Warenzeichen unterliegen uneingeschr\u00e4nkt den Bestimmungen des jeweils g\u00fcltigen Kennzeichenrechts und den Besitzrechten der jeweiligen eingetragenen Eigent\u00fcmer. Allein aufgrund der blo\u00dfen Nennung ist nicht der Schluss zu ziehen, dass Markenzeichen nicht durch Rechte Dritter gesch\u00fctzt sind.<\/p>\n<p>Das Copyright f\u00fcr ver\u00f6ffentlichte, vom Herausgeber selbst erstellte, Objekte bleibt allein bei den Autoren der Seiten. Eine Vervielf\u00e4ltigung oder Verwendung solcher Grafiken, Tondokumente, Videosequenzen und Texte in anderen elektronischen oder gedruckten Publikationen ist ohne ausdr\u00fcckliche Zustimmung des Herausgebers nicht gestattet.<\/p>\n<p>Rechtswirksamkeit des Haftungsausschlusses<br \/> Dieser Haftungsausschluss ist als Teil des Internetangebotes zu betrachten, von dem aus auf diese Seite verwiesen wurde. Sofern Teile oder einzelne Formulierungen dieses Textes der geltenden Rechtslage nicht, nicht mehr oder nicht vollst\u00e4ndig entsprechen sollten, bleiben die \u00fcbrigen Teile des Dokumentes in ihrem Inhalt und ihrer G\u00fcltigkeit davon unber\u00fchrt. Hinweis an Rechteinhaber Falls Sie feststellen sollten, dass innerhalb dieser WebSite Ihre Rechte verletzt werden, so bitten wir Sie um direkte Nachricht. Selbstverst\u00e4ndlich wird Ihr Anspruch kurzfristig \u00fcberpr\u00fcft und entsprechend gehandelt. Wir werden ebenfalls kurzfristig Kontakt mit Ihnen aufnehmen. Die Inanspruchnahme von Anw\u00e4lten bzw. Abmahnvereinen ist unn\u00f6tig.<\/p>\n<p>&nbsp;<\/p>\n<p style=\"text-align: center;\">\n[\/et_pb_text][\/et_pb_column][\/et_pb_row][\/et_pb_section][et_pb_section fb_built=&#8220;1&#8243; _builder_version=&#8220;3.28&#8243; background_image=&#8220;https:\/\/www.optik-zwo.de\/wp-content\/uploads\/2019\/09\/optikzwo_innenaufnahme.jpg&#8220; min_height=&#8220;604px&#8220; animation_style=&#8220;slide&#8220; animation_direction=&#8220;left&#8220; fb_built=&#8220;1&#8243; _i=&#8220;3&#8243; _address=&#8220;3&#8243;][\/et_pb_section]<\/p>\n","protected":false},"excerpt":{"rendered":"<p>impressumOptikZwo GmbH Schottenstra\u00dfe 4 97483 Eltmann (Deutschland) Telefon 09522 2940090 Telefax 09522 2940091 E-Mail: info@optikzwo.de Internet: www.optikzwo.de Ust.Id.Nr.: DE 273600820 Amtsgericht Bamberg, HRB 6837 &nbsp; Sitz der Gesellschaft: 97483 Eltmann Handelsregister: Amtsgericht Bamberg Registernummer: HRB 6837 Ust.Id.Nr.: DE 273600820 Gesch\u00e4ftsf\u00fchrung\/Vertretungsberechtigung: Herr Robert Karl (Gesch\u00e4ftsf\u00fchrer), Herr Oliver Seltmann Berufsbezeichung: Augenoptikermeister verliehen in der Bundesrepublik Deutschland Aufsichtsbeh\u00f6rde\/Berufskammer: [&hellip;]<\/p>\n","protected":false},"author":1,"featured_media":0,"parent":0,"menu_order":0,"comment_status":"closed","ping_status":"closed","template":"","meta":{"_et_pb_use_builder":"on","_et_pb_old_content":"","_et_gb_content_width":"","footnotes":""},"class_list":["post-64","page","type-page","status-publish","hentry"],"_links":{"self":[{"href":"https:\/\/www.optik-zwo.de\/index.php\/wp-json\/wp\/v2\/pages\/64","targetHints":{"allow":["GET"]}}],"collection":[{"href":"https:\/\/www.optik-zwo.de\/index.php\/wp-json\/wp\/v2\/pages"}],"about":[{"href":"https:\/\/www.optik-zwo.de\/index.php\/wp-json\/wp\/v2\/types\/page"}],"author":[{"embeddable":true,"href":"https:\/\/www.optik-zwo.de\/index.php\/wp-json\/wp\/v2\/users\/1"}],"replies":[{"embeddable":true,"href":"https:\/\/www.optik-zwo.de\/index.php\/wp-json\/wp\/v2\/comments?post=64"}],"version-history":[{"count":3,"href":"https:\/\/www.optik-zwo.de\/index.php\/wp-json\/wp\/v2\/pages\/64\/revisions"}],"predecessor-version":[{"id":69,"href":"https:\/\/www.optik-zwo.de\/index.php\/wp-json\/wp\/v2\/pages\/64\/revisions\/69"}],"wp:attachment":[{"href":"https:\/\/www.optik-zwo.de\/index.php\/wp-json\/wp\/v2\/media?parent=64"}],"curies":[{"name":"wp","href":"https:\/\/api.w.org\/{rel}","templated":true}]}}